{"id":6609,"date":"2024-07-13T19:02:55","date_gmt":"2024-07-13T19:02:55","guid":{"rendered":"https:\/\/construcciones-cma.com\/?page_id=6609"},"modified":"2024-07-13T19:02:56","modified_gmt":"2024-07-13T19:02:56","slug":"accesibilidad","status":"publish","type":"page","link":"https:\/\/construcciones-cma.com\/en\/accessibility\/","title":{"rendered":"Accessibility"},"content":{"rendered":"<h1 class=\"wp-block-heading\" id=\"h-accesibilidad\">ACCESSIBILITY<\/h1>\n\n\n\n<p>Red.is a public business entity of the Ministry of Economic Affairs and Digital Transformation that depends on the Secretary of State for Digitalization and Artificial Intelligence, has committed to making its website accessible, in accordance with the&nbsp;<a href=\"https:\/\/www.boe.es\/diario_boe\/txt.php?id=BOE-A-2018-12699\">Royal Decree 1112\/2018, of September 7, on accessibility of websites and applications for mobile devices in the public sector.<\/a><\/p>\n\n\n\n<p>This accessibility statement applies to the website https:\/\/construcciones-cma.com\/<\/p>\n\n\n\n<h2 class=\"wp-block-heading\" id=\"h-situacion-de-cumplimiento\">COMPLIANCE SITUATION<\/h2>\n\n\n\n<p>This website partially complies with the&nbsp;<a href=\"https:\/\/www.boe.es\/diario_boe\/txt.php?id=BOE-A-2018-12699\">RD 1112\/2018<\/a>&nbsp;due to the exceptions and the lack of conformity of the aspects indicated in the following point.<\/p>\n\n\n\n<h2 class=\"wp-block-heading\" id=\"h-contenido-no-accesible\">CONTENT NOT ACCESSIBLE<\/h2>\n\n\n\n<p>The content collected below is not accessible due to the following:<\/p>\n\n\n\n<h3 class=\"wp-block-heading\" id=\"h-falta-de-conformidad-con-el-rd-1112-2018\">LACK OF COMPLIANCE WITH RD 1112\/2018<\/h3>\n\n\n\n<p>Fully accessible documents can be requested from the contact form to formalize complaints and queries.<\/p>\n\n\n\n<p>There could be specific editing code errors on some web page. [4.1.1 Processing]<\/p>\n\n\n\n<h3 class=\"wp-block-heading\" id=\"h-carga-desproporcionada\">DISPROPORTIONATE LOAD<\/h3>\n\n\n\n<p>Does not apply.<\/p>\n\n\n\n<h3 class=\"wp-block-heading\" id=\"h-el-contenido-no-entra-dentro-del-ambito-de-la-legislacion-aplicable\">THE CONTENT DOES NOT FALL WITHIN THE SCOPE OF THE APPLICABLE LAW<\/h3>\n\n\n\n<p>Does not apply.<\/p>\n\n\n\n<h2 class=\"wp-block-heading\" id=\"h-preparacion-para-la-siguiente-declaracion-de-accesibilidad\">PREPARATION FOR THE NEXT ACCESSIBILITY STATEMENT<\/h2>\n\n\n\n<p>This statement was prepared on July 13, 2024.<\/p>\n\n\n\n<p>The method used to prepare the declaration has been a self-assessment carried out by Moka Comunicacion Y Marketing SL<\/p>\n\n\n\n<p>Observations and contact information<\/p>\n\n\n\n<p>You can make communications about accessibility requirements (article 10.2.a of RD 1112\/2018) such as, for example:<\/p>\n\n\n\n<ul class=\"wp-block-list\">\n<li>Report any possible breach by this website<\/li>\n\n\n\n<li>Transmit other content access difficulties<\/li>\n\n\n\n<li>Ask any other questions or suggestions for improvement regarding the accessibility of the website<\/li>\n<\/ul>\n\n\n\n<p>through the contact form of the digitizing agent.<\/p>\n\n\n\n<p>You can present:<\/p>\n\n\n\n<ul class=\"wp-block-list\">\n<li>Complaint regarding compliance with the requirements of RD 1112\/2018 or<\/li>\n\n\n\n<li>Request for accessible information related to:\n<ul class=\"wp-block-list\">\n<li>Contents that are excluded from the scope of application of RD 1112\/2018 as established by article 3, section 4<\/li>\n\n\n\n<li>Content that is exempt from compliance with accessibility requirements because it imposes a disproportionate burden<\/li>\n<\/ul>\n<\/li>\n<\/ul>\n\n\n\n<p>In the Request for accessible information, the facts, reasons and request must be clearly specified that allow us to verify that it is a reasonable and legitimate request.<\/p>\n\n\n\n<p>Complaints and claims about accessible information will be made through the aforementioned form.<\/p>\n\n\n\n<h2 class=\"wp-block-heading\" id=\"h-contenido-opcional\">OPTIONAL CONTENT<\/h2>\n\n\n\n<p>This portal is designed to be able to change the text size and color, as well as the background of the page using the standard browser configuration options.<\/p>\n\n\n\n<p>If you want to change the font size of the text in the main graphical browsers, use the following menus:<\/p>\n\n\n\n<ul class=\"wp-block-list\">\n<li>Internet Explorer, Mozilla and Firefox: View &gt; Text Size<\/li>\n\n\n\n<li>Opera: View &gt; Zoom<\/li>\n\n\n\n<li>Safari: View &gt; Make text larger<\/li>\n\n\n\n<li>Chrome: Control current page &gt; Text size<\/li>\n\n\n\n<li>To resize everything on the page:\n<ul class=\"wp-block-list\">\n<li>Ctrl + + to increase it<\/li>\n\n\n\n<li>Ctrl + \u2013 to decrease it<\/li>\n\n\n\n<li>Ctrl + 0 restores the original text size<\/li>\n\n\n\n<li>If what you want is to override the style sheet or modify the text color, you can consult the WAI&#039;s How to Change Text Size or Colors page, which can be read translated into Spanish in How to change the text size or colors?<\/li>\n<\/ul>\n<\/li>\n<\/ul>\n\n    <div class=\"xs_social_share_widget xs_share_url after_content \t\tmain_content  wslu-style-1 wslu-share-box-shaped wslu-fill-colored wslu-none wslu-share-horizontal wslu-theme-font-no wslu-main_content\">\n\n\t\t\n        <ul>\n\t\t\t        <\/ul>\n    <\/div>","protected":false},"excerpt":{"rendered":"<p>ACCESSIBILITY Red.is a public business entity of the Ministry of Economic Affairs and Digital Transformation that depends on the Secretary of State for Digitalization and Artificial Intelligence has committed to making its website accessible, in accordance with Royal Decree 1112\/2018, of 7 September, on website accessibility<\/p>","protected":false},"author":1,"featured_media":0,"parent":0,"menu_order":0,"comment_status":"closed","ping_status":"closed","template":"","meta":{"inline_featured_image":false,"footnotes":""},"class_list":["post-6609","page","type-page","status-publish","hentry"],"yoast_head":"<!-- This site is optimized with the Yoast SEO Premium plugin v21.9 (Yoast SEO v27.1.1) - https:\/\/yoast.com\/product\/yoast-seo-premium-wordpress\/ -->\n<title>Accesibilidad - Construcciones CMA Albuj\u00f3n<\/title>\n<meta name=\"robots\" content=\"index, follow, max-snippet:-1, max-image-preview:large, max-video-preview:-1\" \/>\n<link rel=\"canonical\" href=\"https:\/\/construcciones-cma.com\/en\/accessibility\/\" \/>\n<meta property=\"og:locale\" content=\"en_GB\" \/>\n<meta property=\"og:type\" content=\"article\" \/>\n<meta property=\"og:title\" content=\"Accesibilidad\" \/>\n<meta property=\"og:description\" content=\"ACCESIBILIDAD Red.es entidad p\u00fablica empresarial del Ministerio de Asuntos Econ\u00f3micos y Transformaci\u00f3n Digital que depende de la Secretar\u00eda de Estado de Digitalizaci\u00f3n e Inteligencia Artificial se ha comprometido a hacer accesible su sitio web, de conformidad con el&nbsp;Real Decreto 1112\/2018, de 7 de septiembre, sobre accesibilidad de los sitios web\" \/>\n<meta property=\"og:url\" content=\"https:\/\/construcciones-cma.com\/en\/accessibility\/\" \/>\n<meta property=\"og:site_name\" content=\"Construcciones CMA Albuj\u00f3n\" \/>\n<meta property=\"article:publisher\" content=\"https:\/\/www.facebook.com\/cmaalbujon\/\" \/>\n<meta property=\"article:modified_time\" content=\"2024-07-13T19:02:56+00:00\" \/>\n<meta name=\"twitter:card\" content=\"summary_large_image\" \/>\n<meta name=\"twitter:label1\" content=\"Estimated reading time\" \/>\n\t<meta name=\"twitter:data1\" content=\"3 minutes\" \/>\n<!-- \/ Yoast SEO Premium plugin. -->","yoast_head_json":{"title":"Accesibilidad - Construcciones CMA Albuj\u00f3n","robots":{"index":"index","follow":"follow","max-snippet":"max-snippet:-1","max-image-preview":"max-image-preview:large","max-video-preview":"max-video-preview:-1"},"canonical":"https:\/\/construcciones-cma.com\/en\/accessibility\/","og_locale":"en_GB","og_type":"article","og_title":"Accesibilidad","og_description":"ACCESIBILIDAD Red.es entidad p\u00fablica empresarial del Ministerio de Asuntos Econ\u00f3micos y Transformaci\u00f3n Digital que depende de la Secretar\u00eda de Estado de Digitalizaci\u00f3n e Inteligencia Artificial se ha comprometido a hacer accesible su sitio web, de conformidad con el&nbsp;Real Decreto 1112\/2018, de 7 de septiembre, sobre accesibilidad de los sitios web","og_url":"https:\/\/construcciones-cma.com\/en\/accessibility\/","og_site_name":"Construcciones CMA Albuj\u00f3n","article_publisher":"https:\/\/www.facebook.com\/cmaalbujon\/","article_modified_time":"2024-07-13T19:02:56+00:00","twitter_card":"summary_large_image","twitter_misc":{"Estimated reading time":"3 minutes"},"schema":{"@context":"https:\/\/schema.org","@graph":[{"@type":"WebPage","@id":"https:\/\/construcciones-cma.com\/accesibilidad\/","url":"https:\/\/construcciones-cma.com\/accesibilidad\/","name":"Accesibilidad - Construcciones CMA Albuj\u00f3n","isPartOf":{"@id":"https:\/\/construcciones-cma.com\/#website"},"datePublished":"2024-07-13T19:02:55+00:00","dateModified":"2024-07-13T19:02:56+00:00","breadcrumb":{"@id":"https:\/\/construcciones-cma.com\/accesibilidad\/#breadcrumb"},"inLanguage":"en-GB","potentialAction":[{"@type":"ReadAction","target":["https:\/\/construcciones-cma.com\/accesibilidad\/"]}]},{"@type":"BreadcrumbList","@id":"https:\/\/construcciones-cma.com\/accesibilidad\/#breadcrumb","itemListElement":[{"@type":"ListItem","position":1,"name":"Portada","item":"https:\/\/construcciones-cma.com\/"},{"@type":"ListItem","position":2,"name":"Accesibilidad"}]},{"@type":"WebSite","@id":"https:\/\/construcciones-cma.com\/#website","url":"https:\/\/construcciones-cma.com\/","name":"Construcciones CMA Albuj\u00f3n","description":"","publisher":{"@id":"https:\/\/construcciones-cma.com\/#organization"},"potentialAction":[{"@type":"SearchAction","target":{"@type":"EntryPoint","urlTemplate":"https:\/\/construcciones-cma.com\/?s={search_term_string}"},"query-input":{"@type":"PropertyValueSpecification","valueRequired":true,"valueName":"search_term_string"}}],"inLanguage":"en-GB"},{"@type":"Organization","@id":"https:\/\/construcciones-cma.com\/#organization","name":"Construcciones CMA Albuj\u00f3n","url":"https:\/\/construcciones-cma.com\/","logo":{"@type":"ImageObject","inLanguage":"en-GB","@id":"https:\/\/construcciones-cma.com\/#\/schema\/logo\/image\/","url":"https:\/\/construcciones-cma.com\/wp-content\/uploads\/2023\/08\/LOGO-ALBUJON.svg","contentUrl":"https:\/\/construcciones-cma.com\/wp-content\/uploads\/2023\/08\/LOGO-ALBUJON.svg","width":1577,"height":600,"caption":"Construcciones CMA Albuj\u00f3n"},"image":{"@id":"https:\/\/construcciones-cma.com\/#\/schema\/logo\/image\/"},"sameAs":["https:\/\/www.facebook.com\/cmaalbujon\/","https:\/\/www.instagram.com\/cmaalbujon\/"]}]}},"_links":{"self":[{"href":"https:\/\/construcciones-cma.com\/en\/wp-json\/wp\/v2\/pages\/6609","targetHints":{"allow":["GET"]}}],"collection":[{"href":"https:\/\/construcciones-cma.com\/en\/wp-json\/wp\/v2\/pages"}],"about":[{"href":"https:\/\/construcciones-cma.com\/en\/wp-json\/wp\/v2\/types\/page"}],"author":[{"embeddable":true,"href":"https:\/\/construcciones-cma.com\/en\/wp-json\/wp\/v2\/users\/1"}],"replies":[{"embeddable":true,"href":"https:\/\/construcciones-cma.com\/en\/wp-json\/wp\/v2\/comments?post=6609"}],"version-history":[{"count":1,"href":"https:\/\/construcciones-cma.com\/en\/wp-json\/wp\/v2\/pages\/6609\/revisions"}],"predecessor-version":[{"id":6611,"href":"https:\/\/construcciones-cma.com\/en\/wp-json\/wp\/v2\/pages\/6609\/revisions\/6611"}],"wp:attachment":[{"href":"https:\/\/construcciones-cma.com\/en\/wp-json\/wp\/v2\/media?parent=6609"}],"curies":[{"name":"wp","href":"https:\/\/api.w.org\/{rel}","templated":true}]}}