{"id":5252,"date":"2024-01-21T16:05:58","date_gmt":"2024-01-21T16:05:58","guid":{"rendered":"https:\/\/nueva.caesasl.com\/personalizar-cookies\/"},"modified":"2024-07-13T18:59:30","modified_gmt":"2024-07-13T18:59:30","slug":"personalizar-cookies","status":"publish","type":"page","link":"https:\/\/construcciones-cma.com\/en\/customize-cookies\/","title":{"rendered":"Customize Cookies"},"content":{"rendered":"<p>The website https:\/\/construcciones-cma.com\/ uses its own and third-party cookies for its correct functioning and for analytical purposes. By clicking the Accept button, you agree to the use of these technologies and the processing of your data for these purposes.<\/p>\n\n\n\n<p>You can change your cookie preferences at any time by returning to the Customize Cookies page, which you can access through the Cookie Notice. For more information about cookies and how we use them, see the&nbsp;<a href=\"https:\/\/construcciones-cma.com\/en\/cookies-policy\/\">Cookies policy<\/a>.<\/p>\n\n\n\n<h3 class=\"wp-block-heading\" id=\"h-cookies-tecnicas\">Technical cookies<\/h3>\n\n\n\n<p>They are those that allow registered users to navigate through the website, the restricted area and use its different functions, such as the comment system or the search engine, and cannot be deactivated.<\/p>\n\n\n\n<h3 class=\"wp-block-heading\" id=\"h-cookies-de-analisis-o-medicion\">Analysis or measurement cookies<\/h3>\n\n\n\n<p>They are those that, whether treated by the website or by third parties, allow the number of users to be quantified and thus carry out the measurement and statistical analysis of the use made by users of the website. To do this, your navigation on this website is analyzed in order to improve it.<\/p>\n\n\n\n<h3 class=\"wp-block-heading\" id=\"h-cookies-sociales\">Social cookies<\/h3>\n\n\n\n<p>They are established by social media platforms to allow users to share content with their friends and networks.<\/p>\n\n    <div class=\"xs_social_share_widget xs_share_url after_content \t\tmain_content  wslu-style-1 wslu-share-box-shaped wslu-fill-colored wslu-none wslu-share-horizontal wslu-theme-font-no wslu-main_content\">\n\n\t\t\n        <ul>\n\t\t\t        <\/ul>\n    <\/div>","protected":false},"excerpt":{"rendered":"<p>The website https:\/\/construcciones-cma.com\/ uses its own and third-party cookies for its correct functioning and for analytical purposes. By clicking the Accept button, you agree to the use of these technologies and the processing of your data for these purposes. You can change your cookie preferences at any time by<\/p>","protected":false},"author":1,"featured_media":0,"parent":0,"menu_order":11,"comment_status":"closed","ping_status":"closed","template":"","meta":{"inline_featured_image":false,"footnotes":""},"class_list":["post-5252","page","type-page","status-publish","hentry"],"yoast_head":"<!-- This site is optimized with the Yoast SEO Premium plugin v21.9 (Yoast SEO v27.1.1) - https:\/\/yoast.com\/product\/yoast-seo-premium-wordpress\/ -->\n<title>Personalizar Cookies - Construcciones CMA Albuj\u00f3n<\/title>\n<meta name=\"robots\" content=\"index, follow, max-snippet:-1, max-image-preview:large, max-video-preview:-1\" \/>\n<link rel=\"canonical\" href=\"https:\/\/construcciones-cma.com\/en\/customize-cookies\/\" \/>\n<meta property=\"og:locale\" content=\"en_GB\" \/>\n<meta property=\"og:type\" content=\"article\" \/>\n<meta property=\"og:title\" content=\"Personalizar Cookies\" \/>\n<meta property=\"og:description\" content=\"El sitio Web https:\/\/construcciones-cma.com\/ utiliza cookies propias y de terceros para su correcto funcionamiento y para fines anal\u00edticos. Al hacer clic en el bot\u00f3n Aceptar, acepta el uso de estas tecnolog\u00edas y el procesamiento de sus datos para estos prop\u00f3sitos. Puedes cambiar tus preferencias de cookies en cualquier momento si\" \/>\n<meta property=\"og:url\" content=\"https:\/\/construcciones-cma.com\/en\/customize-cookies\/\" \/>\n<meta property=\"og:site_name\" content=\"Construcciones CMA Albuj\u00f3n\" \/>\n<meta property=\"article:publisher\" content=\"https:\/\/www.facebook.com\/cmaalbujon\/\" \/>\n<meta property=\"article:modified_time\" content=\"2024-07-13T18:59:30+00:00\" \/>\n<meta name=\"twitter:card\" content=\"summary_large_image\" \/>\n<meta name=\"twitter:label1\" content=\"Estimated reading time\" \/>\n\t<meta name=\"twitter:data1\" content=\"1 minute\" \/>\n<!-- \/ Yoast SEO Premium plugin. -->","yoast_head_json":{"title":"Personalizar Cookies - Construcciones CMA Albuj\u00f3n","robots":{"index":"index","follow":"follow","max-snippet":"max-snippet:-1","max-image-preview":"max-image-preview:large","max-video-preview":"max-video-preview:-1"},"canonical":"https:\/\/construcciones-cma.com\/en\/customize-cookies\/","og_locale":"en_GB","og_type":"article","og_title":"Personalizar Cookies","og_description":"El sitio Web https:\/\/construcciones-cma.com\/ utiliza cookies propias y de terceros para su correcto funcionamiento y para fines anal\u00edticos. Al hacer clic en el bot\u00f3n Aceptar, acepta el uso de estas tecnolog\u00edas y el procesamiento de sus datos para estos prop\u00f3sitos. Puedes cambiar tus preferencias de cookies en cualquier momento si","og_url":"https:\/\/construcciones-cma.com\/en\/customize-cookies\/","og_site_name":"Construcciones CMA Albuj\u00f3n","article_publisher":"https:\/\/www.facebook.com\/cmaalbujon\/","article_modified_time":"2024-07-13T18:59:30+00:00","twitter_card":"summary_large_image","twitter_misc":{"Estimated reading time":"1 minute"},"schema":{"@context":"https:\/\/schema.org","@graph":[{"@type":"WebPage","@id":"https:\/\/construcciones-cma.com\/personalizar-cookies\/","url":"https:\/\/construcciones-cma.com\/personalizar-cookies\/","name":"Personalizar Cookies - Construcciones CMA Albuj\u00f3n","isPartOf":{"@id":"https:\/\/construcciones-cma.com\/#website"},"datePublished":"2024-01-21T16:05:58+00:00","dateModified":"2024-07-13T18:59:30+00:00","breadcrumb":{"@id":"https:\/\/construcciones-cma.com\/personalizar-cookies\/#breadcrumb"},"inLanguage":"en-GB","potentialAction":[{"@type":"ReadAction","target":["https:\/\/construcciones-cma.com\/personalizar-cookies\/"]}]},{"@type":"BreadcrumbList","@id":"https:\/\/construcciones-cma.com\/personalizar-cookies\/#breadcrumb","itemListElement":[{"@type":"ListItem","position":1,"name":"Portada","item":"https:\/\/construcciones-cma.com\/"},{"@type":"ListItem","position":2,"name":"Personalizar Cookies"}]},{"@type":"WebSite","@id":"https:\/\/construcciones-cma.com\/#website","url":"https:\/\/construcciones-cma.com\/","name":"Construcciones CMA Albuj\u00f3n","description":"","publisher":{"@id":"https:\/\/construcciones-cma.com\/#organization"},"potentialAction":[{"@type":"SearchAction","target":{"@type":"EntryPoint","urlTemplate":"https:\/\/construcciones-cma.com\/?s={search_term_string}"},"query-input":{"@type":"PropertyValueSpecification","valueRequired":true,"valueName":"search_term_string"}}],"inLanguage":"en-GB"},{"@type":"Organization","@id":"https:\/\/construcciones-cma.com\/#organization","name":"Construcciones CMA Albuj\u00f3n","url":"https:\/\/construcciones-cma.com\/","logo":{"@type":"ImageObject","inLanguage":"en-GB","@id":"https:\/\/construcciones-cma.com\/#\/schema\/logo\/image\/","url":"https:\/\/construcciones-cma.com\/wp-content\/uploads\/2023\/08\/LOGO-ALBUJON.svg","contentUrl":"https:\/\/construcciones-cma.com\/wp-content\/uploads\/2023\/08\/LOGO-ALBUJON.svg","width":1577,"height":600,"caption":"Construcciones CMA Albuj\u00f3n"},"image":{"@id":"https:\/\/construcciones-cma.com\/#\/schema\/logo\/image\/"},"sameAs":["https:\/\/www.facebook.com\/cmaalbujon\/","https:\/\/www.instagram.com\/cmaalbujon\/"]}]}},"_links":{"self":[{"href":"https:\/\/construcciones-cma.com\/en\/wp-json\/wp\/v2\/pages\/5252","targetHints":{"allow":["GET"]}}],"collection":[{"href":"https:\/\/construcciones-cma.com\/en\/wp-json\/wp\/v2\/pages"}],"about":[{"href":"https:\/\/construcciones-cma.com\/en\/wp-json\/wp\/v2\/types\/page"}],"author":[{"embeddable":true,"href":"https:\/\/construcciones-cma.com\/en\/wp-json\/wp\/v2\/users\/1"}],"replies":[{"embeddable":true,"href":"https:\/\/construcciones-cma.com\/en\/wp-json\/wp\/v2\/comments?post=5252"}],"version-history":[{"count":1,"href":"https:\/\/construcciones-cma.com\/en\/wp-json\/wp\/v2\/pages\/5252\/revisions"}],"predecessor-version":[{"id":6608,"href":"https:\/\/construcciones-cma.com\/en\/wp-json\/wp\/v2\/pages\/5252\/revisions\/6608"}],"wp:attachment":[{"href":"https:\/\/construcciones-cma.com\/en\/wp-json\/wp\/v2\/media?parent=5252"}],"curies":[{"name":"wp","href":"https:\/\/api.w.org\/{rel}","templated":true}]}}