{"id":5251,"date":"2024-01-21T16:05:58","date_gmt":"2024-01-21T16:05:58","guid":{"rendered":"https:\/\/nueva.caesasl.com\/politica-de-cookies\/"},"modified":"2024-01-21T16:08:32","modified_gmt":"2024-01-21T16:08:32","slug":"politica-de-cookies","status":"publish","type":"page","link":"https:\/\/construcciones-cma.com\/en\/cookies-policy\/","title":{"rendered":"Cookies policy"},"content":{"rendered":"<h2>What are cookies?<\/h2>\n\n<p>\n\tIn English, the term &quot;cookie&quot; means cookie, but in the field of web browsing, a &quot;cookie&quot; is something completely different. When you access our Website, a small amount of text called a &quot;cookie&quot; is stored in your device&#039;s browser. This text contains various information about your browsing, habits, preferences, content customizations, etc...\n<\/p>\n\n<p>\n\tThere are other technologies that work in a similar way and are also used to collect data about your browsing activity. We will call all these technologies together &quot;cookies&quot;.\n<\/p>\n\n<p>\n\tThe specific uses we make of these technologies are described in this document.\n<\/p>\n\n<h2>What are cookies used for on this website?<\/h2>\n\n<p>\n\tCookies are an essential part of how the Website works. The main objective of our cookies is to improve your browsing experience. For example, to remember your preferences (language, country, etc.) during browsing and on future visits. The information collected in cookies also allows us to improve the website, adapt it to your interests as a user, speed up the searches you perform, etc.\n<\/p>\n\n<p>\n\tIn certain cases, if we have obtained your prior informed consent, we may use cookies for other uses, such as to obtain information that allows us to show you advertising based on the analysis of your browsing habits.\n<\/p>\n\n<h2>What are cookies NOT used for on this website?<\/h2>\n\n<p>\n\tIn the cookies we use, sensitive personal identification information such as your name, address, your password, etc. is not stored.\n<\/p>\n\n<h2>Who uses the information stored in cookies?<\/h2>\n\n<p>\n\tThe information stored in the cookies on our Website is used exclusively by us, with the exception of those identified below as &quot;third-party cookies&quot;, which are used and managed by external entities that provide us with services that improve the user experience. For example, the statistics collected on the number of visits, the most liked content, etc. are usually managed by Google Analytics.\n<\/p>\n\n\n\n<h2>How can you prevent the use of cookies on this Website?<\/h2>\n\n<p>\n\tIf you prefer to avoid the use of cookies, you can REJECT their use or you can CONFIGURE the ones you want to avoid and the ones you allow to use (in this document we give you expanded information regarding each type of cookie, its purpose, recipient, temporality, etc. .. ).\n<\/p>\n\n<p>\n\tIf you have accepted them, we will not ask you again unless you delete the cookies on your device as indicated in the section below. If you want to revoke consent you will have to delete the cookies and configure them again.\n<\/p>\n\n\n<h2>How do I disable and eliminate the use of cookies?<\/h2>\n\n\n\n<p>\n\tTo restrict, block or delete cookies on this Website (and those used by third parties) you can do so, at any time, by modifying your browser settings. Please note that these settings are different in each browser.\n<\/p>\n\n<p> \n  In the following links you will find instructions to enable or disable cookies in the most common browsers.\n<\/p>\n\n<p>\n  <ul>\n    <li><a rel=\"nofollow\" target=\"_blank\" href=\"http:\/\/support.mozilla.org\/es\/kb\/habilitar-y-deshabilitar-cookies-que-los-sitios-we\">Firefox<\/a><\/li>\n    <li><a target=\"_blank\" rel=\"noopener noreferrer nofollow\" href=\"https:\/\/support.google.com\/chrome\/answer\/95647?hl=es\">Google Chrome<\/a><\/li>\n    <li><a target=\"_blank\" rel=\"noopener noreferrer nofollow\" href='https:\/\/support.microsoft.com\/es-es\/help\/17442\/windows-internet-explorer-delete-manage-cookies#ie=\"ie-10'>Internet Explorer<\/a><\/li>\n    <li><a target=\"_blank\" rel=\"noopener noreferrer nofollow\" href='https:\/\/support.microsoft.com\/es-es\/help\/4468242\/microsoft-edge-browsing-data-and-privacy'>Microsoft Edge<\/a><\/li>\n    <li><a rel=\"nofollow\" target=\"_blank\" href=\"http:\/\/support.apple.com\/kb\/HT1677?viewlocale=es_ES\">Safari<\/a><\/li>\n  <\/ul>\n<\/p>\n\n\n<h2>What types of cookies are used on this website?<\/h2>\n\n<p>\n\tEach website uses its own cookies. On our website we use the following:\n<\/p>\n\n<p>\n\t<b>ACCORDING TO THE ENTITY THAT MANAGES IT<\/b>\n<\/p>\n\n<p>\n\t<b>Own cookies:<\/b>\n<\/p>\n\n<p>\n\tThey are those that are sent to the User&#039;s terminal equipment from a computer or domain managed by the editor itself and from which the service requested by the User is provided.\n<\/p>\n\n<p>\n\t<b>Third party cookies:<\/b>\n<\/p>\n\n<p>\n\tThey are those that are sent to the User&#039;s terminal equipment from a computer or domain that is not managed by the editor, but by another entity that processes the data obtained through cookies.\n<\/p>\n\n<p>\n\tIn the event that the cookies are served from a computer or domain managed by the editor itself, but the information collected through them is managed by a third party, they cannot be considered as its own cookies if the third party uses them for its own purposes. (for example, the improvement of the services provided or the provision of advertising services in favor of other entities).\n<\/p>\n\n<p>\n\t<b>ACCORDING TO ITS PURPOSE<\/b>\n<\/p>\n\n<p>\n\t<b>Technical cookies:<\/b>\n<\/p>\n\n<p>\n\tThey are those necessary for the navigation and proper functioning of our Website, such as controlling traffic and data communication, identifying the session, accessing restricted access parts, making a request for registration or participation in an event, count visits for the purposes of billing licenses for the software with which the Website service works, use security elements during navigation, store content for the dissemination of videos or sound, enable dynamic content (for example, loading animation of a text or image) or share content through social networks.\n<\/p>\n\n<p>\n\t<b>Analysis cookies:<\/b>\n<\/p>\n\n<p>\n\tThey allow the number of users to be quantified and thus carry out the measurement and statistical analysis of the use made by users of the Website. \n<\/p>\n\n<p>\n\t<b>Preference or personalization cookies:<\/b>\n<\/p>\n\n<p>\n\tThey are those that allow the User to remember information so that the User can access the service with certain characteristics that can differentiate their experience from that of other users, such as, for example, the language, the number of results to be displayed when the User performs a search, the appearance or content of the service depending on the type of browser through which the User accesses the service or the region from which the User accesses the service, etc.\n<\/p>\n\n\n\n<p>\n\t<b>ACCORDING TO THE PERIOD OF TIME THEY REMAIN ACTIVATED<\/b>\n<\/p>\n\n<p>\n\t<b>Session cookies:<\/b>\n<\/p>\n\n<p>\n\tThey are those designed to collect and store data while the User accesses a web page.\n<\/p>\n\n<p>\n\tThey are usually used to store information that is only interesting to keep for the provision of the service requested by the User on a single occasion (for example, a list of products purchased) and disappear when the session ends.\n<\/p>\n\n<p>\n\t<b>Persistent cookies:<\/b>\n<\/p>\n\n<p>\n\tThey are those in which the data is still stored in the terminal and can be accessed and processed during a period defined by the person responsible for the cookie, which can range from a few minutes to several years. In this regard, it must be specifically assessed whether the use of persistent cookies is necessary, since the risks to privacy could be reduced by the use of session cookies. In any case, when persistent cookies are installed, it is recommended to reduce their temporary duration to the minimum necessary taking into account the purpose of their use. For these purposes, Opinion 4\/2012 of the WG29 indicated that for a cookie to be exempt from the duty of informed consent, its expiration must be related to its purpose. Because of this, session cookies are much more likely to be considered excepted than persistent cookies.\n<\/p>\n\n\n<p>\n\t<b>Details of cookies used on this website:<\/b>\n<\/p>\n\n<div>\n  <ul><br \/>\r\n \t<li><strong>mailpoet_page_view<\/strong><\/li><br \/>\r\n \t<li><strong>mailpoet_subscriber<\/strong><\/li><br \/>\r\n \t<li><strong>wordpress_test_cookie<\/strong><br \/>\r\nCookie set by WordPress to check if the cookies are enabled on the browser to provide appropriate user experience to the users<br \/>\r\nCategory: Functional.<br \/>\r\nDuration: session.<br \/>\r\nPrivacy Policy: <a href=\"\/en\/N\/A\/\">N\/A<\/a><\/li><br \/>\r\n \t<li><strong>wp_lang<\/strong><\/li><br \/>\r\n<\/ul>\n<\/div>\n\n    <div class=\"xs_social_share_widget xs_share_url after_content \t\tmain_content  wslu-style-1 wslu-share-box-shaped wslu-fill-colored wslu-none wslu-share-horizontal wslu-theme-font-no wslu-main_content\">\n\n\t\t\n        <ul>\n\t\t\t        <\/ul>\n    <\/div>","protected":false},"excerpt":{"rendered":"<p>What are cookies? In English, the term &quot;cookie&quot; means cookie, but in the field of web browsing, a &quot;cookie&quot; is something completely different. When you access our Website, a small amount of text called a &quot;cookie&quot; is stored in your device&#039;s browser. This text<\/p>","protected":false},"author":1,"featured_media":0,"parent":0,"menu_order":10,"comment_status":"closed","ping_status":"closed","template":"","meta":{"inline_featured_image":false,"footnotes":""},"class_list":["post-5251","page","type-page","status-publish","hentry"],"yoast_head":"<!-- This site is optimized with the Yoast SEO Premium plugin v21.9 (Yoast SEO v27.1.1) - https:\/\/yoast.com\/product\/yoast-seo-premium-wordpress\/ -->\n<title>Pol\u00edtica de Cookies - Construcciones CMA Albuj\u00f3n<\/title>\n<meta name=\"robots\" content=\"index, follow, max-snippet:-1, max-image-preview:large, max-video-preview:-1\" \/>\n<link rel=\"canonical\" href=\"https:\/\/construcciones-cma.com\/en\/cookies-policy\/\" \/>\n<meta property=\"og:locale\" content=\"en_GB\" \/>\n<meta property=\"og:type\" content=\"article\" \/>\n<meta property=\"og:title\" content=\"Pol\u00edtica de Cookies\" \/>\n<meta property=\"og:description\" content=\"\u00bfQu\u00e9 son las cookies? En ingl\u00e9s, el t\u00e9rmino &quot;cookie&quot; significa galleta, pero en el \u00e1mbito de la navegaci\u00f3n web, una &quot;cookie&quot; es algo completamente distinto. Cuando accede a nuestro Sitio Web, en el navegador de su dispositivo se almacena una peque\u00f1a cantidad de texto que se denomina &quot;cookie&quot;. Este texto\" \/>\n<meta property=\"og:url\" content=\"https:\/\/construcciones-cma.com\/en\/cookies-policy\/\" \/>\n<meta property=\"og:site_name\" content=\"Construcciones CMA Albuj\u00f3n\" \/>\n<meta property=\"article:publisher\" content=\"https:\/\/www.facebook.com\/cmaalbujon\/\" \/>\n<meta property=\"article:modified_time\" content=\"2024-01-21T16:08:32+00:00\" \/>\n<meta name=\"twitter:card\" content=\"summary_large_image\" \/>\n<!-- \/ Yoast SEO Premium plugin. -->","yoast_head_json":{"title":"Pol\u00edtica de Cookies - Construcciones CMA Albuj\u00f3n","robots":{"index":"index","follow":"follow","max-snippet":"max-snippet:-1","max-image-preview":"max-image-preview:large","max-video-preview":"max-video-preview:-1"},"canonical":"https:\/\/construcciones-cma.com\/en\/cookies-policy\/","og_locale":"en_GB","og_type":"article","og_title":"Pol\u00edtica de Cookies","og_description":"\u00bfQu\u00e9 son las cookies? En ingl\u00e9s, el t\u00e9rmino &quot;cookie&quot; significa galleta, pero en el \u00e1mbito de la navegaci\u00f3n web, una &quot;cookie&quot; es algo completamente distinto. Cuando accede a nuestro Sitio Web, en el navegador de su dispositivo se almacena una peque\u00f1a cantidad de texto que se denomina &quot;cookie&quot;. Este texto","og_url":"https:\/\/construcciones-cma.com\/en\/cookies-policy\/","og_site_name":"Construcciones CMA Albuj\u00f3n","article_publisher":"https:\/\/www.facebook.com\/cmaalbujon\/","article_modified_time":"2024-01-21T16:08:32+00:00","twitter_card":"summary_large_image","schema":{"@context":"https:\/\/schema.org","@graph":[{"@type":"WebPage","@id":"https:\/\/construcciones-cma.com\/politica-de-cookies\/","url":"https:\/\/construcciones-cma.com\/politica-de-cookies\/","name":"Pol\u00edtica de Cookies - Construcciones CMA Albuj\u00f3n","isPartOf":{"@id":"https:\/\/construcciones-cma.com\/#website"},"datePublished":"2024-01-21T16:05:58+00:00","dateModified":"2024-01-21T16:08:32+00:00","breadcrumb":{"@id":"https:\/\/construcciones-cma.com\/politica-de-cookies\/#breadcrumb"},"inLanguage":"en-GB","potentialAction":[{"@type":"ReadAction","target":["https:\/\/construcciones-cma.com\/politica-de-cookies\/"]}]},{"@type":"BreadcrumbList","@id":"https:\/\/construcciones-cma.com\/politica-de-cookies\/#breadcrumb","itemListElement":[{"@type":"ListItem","position":1,"name":"Portada","item":"https:\/\/construcciones-cma.com\/"},{"@type":"ListItem","position":2,"name":"Pol\u00edtica de Cookies"}]},{"@type":"WebSite","@id":"https:\/\/construcciones-cma.com\/#website","url":"https:\/\/construcciones-cma.com\/","name":"Construcciones CMA Albuj\u00f3n","description":"","publisher":{"@id":"https:\/\/construcciones-cma.com\/#organization"},"potentialAction":[{"@type":"SearchAction","target":{"@type":"EntryPoint","urlTemplate":"https:\/\/construcciones-cma.com\/?s={search_term_string}"},"query-input":{"@type":"PropertyValueSpecification","valueRequired":true,"valueName":"search_term_string"}}],"inLanguage":"en-GB"},{"@type":"Organization","@id":"https:\/\/construcciones-cma.com\/#organization","name":"Construcciones CMA Albuj\u00f3n","url":"https:\/\/construcciones-cma.com\/","logo":{"@type":"ImageObject","inLanguage":"en-GB","@id":"https:\/\/construcciones-cma.com\/#\/schema\/logo\/image\/","url":"https:\/\/construcciones-cma.com\/wp-content\/uploads\/2023\/08\/LOGO-ALBUJON.svg","contentUrl":"https:\/\/construcciones-cma.com\/wp-content\/uploads\/2023\/08\/LOGO-ALBUJON.svg","width":1577,"height":600,"caption":"Construcciones CMA Albuj\u00f3n"},"image":{"@id":"https:\/\/construcciones-cma.com\/#\/schema\/logo\/image\/"},"sameAs":["https:\/\/www.facebook.com\/cmaalbujon\/","https:\/\/www.instagram.com\/cmaalbujon\/"]}]}},"_links":{"self":[{"href":"https:\/\/construcciones-cma.com\/en\/wp-json\/wp\/v2\/pages\/5251","targetHints":{"allow":["GET"]}}],"collection":[{"href":"https:\/\/construcciones-cma.com\/en\/wp-json\/wp\/v2\/pages"}],"about":[{"href":"https:\/\/construcciones-cma.com\/en\/wp-json\/wp\/v2\/types\/page"}],"author":[{"embeddable":true,"href":"https:\/\/construcciones-cma.com\/en\/wp-json\/wp\/v2\/users\/1"}],"replies":[{"embeddable":true,"href":"https:\/\/construcciones-cma.com\/en\/wp-json\/wp\/v2\/comments?post=5251"}],"version-history":[{"count":0,"href":"https:\/\/construcciones-cma.com\/en\/wp-json\/wp\/v2\/pages\/5251\/revisions"}],"wp:attachment":[{"href":"https:\/\/construcciones-cma.com\/en\/wp-json\/wp\/v2\/media?parent=5251"}],"curies":[{"name":"wp","href":"https:\/\/api.w.org\/{rel}","templated":true}]}}