{"id":3794,"date":"2023-07-31T14:38:03","date_gmt":"2023-07-31T14:38:03","guid":{"rendered":"https:\/\/tplabs.co\/surince\/?page_id=3794"},"modified":"2024-02-12T15:56:23","modified_gmt":"2024-02-12T15:56:23","slug":"servicios","status":"publish","type":"page","link":"https:\/\/construcciones-cma.com\/en\/services\/","title":{"rendered":"Services"},"content":{"rendered":"<div data-elementor-type=\"wp-page\" data-elementor-id=\"3794\" class=\"elementor elementor-3794\" data-elementor-post-type=\"page\">\n\t\t\t\t\t\t<section class=\"elementor-section elementor-top-section elementor-element elementor-element-f4249a6 elementor-section-boxed elementor-section-height-default elementor-section-height-default\" data-id=\"f4249a6\" data-element_type=\"section\" data-e-type=\"section\">\n\t\t\t\t\t\t<div class=\"elementor-container elementor-column-gap-no\">\n\t\t\t\t\t<div class=\"elementor-column elementor-col-100 elementor-top-column elementor-element elementor-element-cc0a094\" data-id=\"cc0a094\" data-element_type=\"column\" data-e-type=\"column\">\n\t\t\t<div class=\"elementor-widget-wrap elementor-element-populated\">\n\t\t\t\t\t\t<div class=\"elementor-element elementor-element-67dde32 elementor-widget elementor-widget-spacer\" data-id=\"67dde32\" data-element_type=\"widget\" data-e-type=\"widget\" data-widget_type=\"spacer.default\">\n\t\t\t\t<div class=\"elementor-widget-container\">\n\t\t\t\t\t\t\t<div class=\"elementor-spacer\">\n\t\t\t<div class=\"elementor-spacer-inner\"><\/div>\n\t\t<\/div>\n\t\t\t\t\t\t<\/div>\n\t\t\t\t<\/div>\n\t\t\t\t<section class=\"elementor-section elementor-inner-section elementor-element elementor-element-7ae201c elementor-section-boxed elementor-section-height-default elementor-section-height-default\" data-id=\"7ae201c\" data-element_type=\"section\" data-e-type=\"section\">\n\t\t\t\t\t\t<div class=\"elementor-container elementor-column-gap-default\">\n\t\t\t\t\t<div class=\"elementor-column elementor-col-33 elementor-inner-column elementor-element elementor-element-3cb574a\" data-id=\"3cb574a\" data-element_type=\"column\" data-e-type=\"column\">\n\t\t\t<div class=\"elementor-widget-wrap elementor-element-populated\">\n\t\t\t\t\t\t<div class=\"elementor-element elementor-element-7d71a01 image-box-style-1 icon-has-bg elementor-widget elementor-widget-mae-image-box\" data-id=\"7d71a01\" data-element_type=\"widget\" data-e-type=\"widget\" data-widget_type=\"mae-image-box.default\">\n\t\t\t\t<div class=\"elementor-widget-container\">\n\t\t\t\t\t                <div class=\"master-image-box\">\n                            <div class=\"thumb\"><div class=\"inner\"><img fetchpriority=\"high\" decoding=\"async\" width=\"1000\" height=\"667\" src=\"https:\/\/construcciones-cma.com\/wp-content\/uploads\/2024\/02\/personas-tiro-completo-que-llevan-carteles-juntos-1.jpg\" class=\"attachment-full size-full\" alt=\"\" srcset=\"https:\/\/construcciones-cma.com\/wp-content\/uploads\/2024\/02\/personas-tiro-completo-que-llevan-carteles-juntos-1.jpg 1000w, https:\/\/construcciones-cma.com\/wp-content\/uploads\/2024\/02\/personas-tiro-completo-que-llevan-carteles-juntos-1-300x200.jpg 300w, https:\/\/construcciones-cma.com\/wp-content\/uploads\/2024\/02\/personas-tiro-completo-que-llevan-carteles-juntos-1-768x512.jpg 768w\" sizes=\"(max-width: 1000px) 100vw, 1000px\" \/><\/div><\/div>\n                <div class=\"content-wrap\">\n                    <h2 class=\"headline-2\"><a href=\"https:\/\/construcciones-cma.com\/en\/servicio\/commercial-construction-and-maintenance\/\"> Commercial Construction and Maintenance<\/a><\/h2>            <div class=\"url-wrap\">\n                <a class=\"master-link  icon-right\" href=\"https:\/\/construcciones-cma.com\/en\/servicio\/commercial-construction-and-maintenance\/\">\n                                        <span>More information<\/span>\n                    <span class=\"icon ci ci-right-arrow2\"><\/span>                <\/a>\n            <\/div>\n\n                            <\/div>\n                    <\/div>\n        \t\t\t\t<\/div>\n\t\t\t\t<\/div>\n\t\t\t\t\t<\/div>\n\t\t<\/div>\n\t\t\t\t<div class=\"elementor-column elementor-col-33 elementor-inner-column elementor-element elementor-element-ea70067\" data-id=\"ea70067\" data-element_type=\"column\" data-e-type=\"column\">\n\t\t\t<div class=\"elementor-widget-wrap elementor-element-populated\">\n\t\t\t\t\t\t<div class=\"elementor-element elementor-element-a4955b1 image-box-style-1 icon-has-bg elementor-widget elementor-widget-mae-image-box\" data-id=\"a4955b1\" data-element_type=\"widget\" data-e-type=\"widget\" data-widget_type=\"mae-image-box.default\">\n\t\t\t\t<div class=\"elementor-widget-container\">\n\t\t\t\t\t                <div class=\"master-image-box\">\n                            <div class=\"thumb\"><div class=\"inner\"><img decoding=\"async\" width=\"600\" height=\"400\" src=\"https:\/\/construcciones-cma.com\/wp-content\/uploads\/2024\/02\/esquina-campo-futbol-marcas-blancas-1-1.jpg\" class=\"attachment-full size-full\" alt=\"\" srcset=\"https:\/\/construcciones-cma.com\/wp-content\/uploads\/2024\/02\/esquina-campo-futbol-marcas-blancas-1-1.jpg 600w, https:\/\/construcciones-cma.com\/wp-content\/uploads\/2024\/02\/esquina-campo-futbol-marcas-blancas-1-1-300x200.jpg 300w\" sizes=\"(max-width: 600px) 100vw, 600px\" \/><\/div><\/div>\n                <div class=\"content-wrap\">\n                    <h2 class=\"headline-2\"><a href=\"https:\/\/construcciones-cma.com\/en\/servicio\/sports-facilities\/\"> Sports facilities<\/a><\/h2>            <div class=\"url-wrap\">\n                <a class=\"master-link  icon-right\" href=\"https:\/\/construcciones-cma.com\/en\/servicio\/sports-facilities\/\">\n                                        <span>More information<\/span>\n                    <span class=\"icon ci ci-right-arrow2\"><\/span>                <\/a>\n            <\/div>\n\n                            <\/div>\n                    <\/div>\n        \t\t\t\t<\/div>\n\t\t\t\t<\/div>\n\t\t\t\t\t<\/div>\n\t\t<\/div>\n\t\t\t\t<div class=\"elementor-column elementor-col-33 elementor-inner-column elementor-element elementor-element-8f0f601\" data-id=\"8f0f601\" data-element_type=\"column\" data-e-type=\"column\">\n\t\t\t<div class=\"elementor-widget-wrap elementor-element-populated\">\n\t\t\t\t\t\t<div class=\"elementor-element elementor-element-294324a image-box-style-1 icon-has-bg elementor-widget elementor-widget-mae-image-box\" data-id=\"294324a\" data-element_type=\"widget\" data-e-type=\"widget\" data-widget_type=\"mae-image-box.default\">\n\t\t\t\t<div class=\"elementor-widget-container\">\n\t\t\t\t\t                <div class=\"master-image-box\">\n                            <div class=\"thumb\"><div class=\"inner\"><img decoding=\"async\" width=\"2000\" height=\"1333\" src=\"https:\/\/construcciones-cma.com\/wp-content\/uploads\/2024\/01\/yesero-hombre-trabaja-enyesar-dos-paletas-carton-yeso-azul-uniforme-1.jpg\" class=\"attachment-full size-full\" alt=\"\" srcset=\"https:\/\/construcciones-cma.com\/wp-content\/uploads\/2024\/01\/yesero-hombre-trabaja-enyesar-dos-paletas-carton-yeso-azul-uniforme-1.jpg 2000w, https:\/\/construcciones-cma.com\/wp-content\/uploads\/2024\/01\/yesero-hombre-trabaja-enyesar-dos-paletas-carton-yeso-azul-uniforme-1-300x200.jpg 300w, https:\/\/construcciones-cma.com\/wp-content\/uploads\/2024\/01\/yesero-hombre-trabaja-enyesar-dos-paletas-carton-yeso-azul-uniforme-1-1024x682.jpg 1024w, https:\/\/construcciones-cma.com\/wp-content\/uploads\/2024\/01\/yesero-hombre-trabaja-enyesar-dos-paletas-carton-yeso-azul-uniforme-1-768x512.jpg 768w, https:\/\/construcciones-cma.com\/wp-content\/uploads\/2024\/01\/yesero-hombre-trabaja-enyesar-dos-paletas-carton-yeso-azul-uniforme-1-1536x1024.jpg 1536w, https:\/\/construcciones-cma.com\/wp-content\/uploads\/2024\/01\/yesero-hombre-trabaja-enyesar-dos-paletas-carton-yeso-azul-uniforme-1-1320x880.jpg 1320w\" sizes=\"(max-width: 2000px) 100vw, 2000px\" \/><\/div><\/div>\n                <div class=\"content-wrap\">\n                    <h2 class=\"headline-2\"><a href=\"https:\/\/construcciones-cma.com\/en\/servicio\/comprehensive-reforms\/\">Comprehensive reforms <\/a><\/h2>            <div class=\"url-wrap\">\n                <a class=\"master-link  icon-right\" href=\"https:\/\/construcciones-cma.com\/en\/servicio\/comprehensive-reforms\/\">\n                                        <span>More information<\/span>\n                    <span class=\"icon ci ci-right-arrow2\"><\/span>                <\/a>\n            <\/div>\n\n                            <\/div>\n                    <\/div>\n        \t\t\t\t<\/div>\n\t\t\t\t<\/div>\n\t\t\t\t\t<\/div>\n\t\t<\/div>\n\t\t\t\t\t<\/div>\n\t\t<\/section>\n\t\t\t\t<section class=\"elementor-section elementor-inner-section elementor-element elementor-element-48bc1b4 elementor-section-boxed elementor-section-height-default elementor-section-height-default\" data-id=\"48bc1b4\" data-element_type=\"section\" data-e-type=\"section\">\n\t\t\t\t\t\t<div class=\"elementor-container elementor-column-gap-default\">\n\t\t\t\t\t<div class=\"elementor-column elementor-col-33 elementor-inner-column elementor-element elementor-element-086bd09\" data-id=\"086bd09\" data-element_type=\"column\" data-e-type=\"column\">\n\t\t\t<div class=\"elementor-widget-wrap elementor-element-populated\">\n\t\t\t\t\t\t<div class=\"elementor-element elementor-element-5f9b15c image-box-style-1 icon-has-bg elementor-widget elementor-widget-mae-image-box\" data-id=\"5f9b15c\" data-element_type=\"widget\" data-e-type=\"widget\" data-widget_type=\"mae-image-box.default\">\n\t\t\t\t<div class=\"elementor-widget-container\">\n\t\t\t\t\t                <div class=\"master-image-box\">\n                            <div class=\"thumb\"><div class=\"inner\"><img loading=\"lazy\" decoding=\"async\" width=\"499\" height=\"333\" src=\"https:\/\/construcciones-cma.com\/wp-content\/uploads\/2024\/02\/hombres-constructores-cascos-seguridad-1-1.jpg\" class=\"attachment-full size-full\" alt=\"\" srcset=\"https:\/\/construcciones-cma.com\/wp-content\/uploads\/2024\/02\/hombres-constructores-cascos-seguridad-1-1.jpg 499w, https:\/\/construcciones-cma.com\/wp-content\/uploads\/2024\/02\/hombres-constructores-cascos-seguridad-1-1-300x200.jpg 300w\" sizes=\"(max-width: 499px) 100vw, 499px\" \/><\/div><\/div>\n                <div class=\"content-wrap\">\n                    <h2 class=\"headline-2\"><a href=\"https:\/\/construcciones-cma.com\/en\/servicio\/rehabilitation\/\">Rehabilitation <\/a><\/h2>            <div class=\"url-wrap\">\n                <a class=\"master-link  icon-right\" href=\"https:\/\/construcciones-cma.com\/en\/servicio\/rehabilitation\/\">\n                                        <span>More information<\/span>\n                    <span class=\"icon ci ci-right-arrow2\"><\/span>                <\/a>\n            <\/div>\n\n                            <\/div>\n                    <\/div>\n        \t\t\t\t<\/div>\n\t\t\t\t<\/div>\n\t\t\t\t\t<\/div>\n\t\t<\/div>\n\t\t\t\t<div class=\"elementor-column elementor-col-33 elementor-inner-column elementor-element elementor-element-89e92e1\" data-id=\"89e92e1\" data-element_type=\"column\" data-e-type=\"column\">\n\t\t\t<div class=\"elementor-widget-wrap elementor-element-populated\">\n\t\t\t\t\t\t<div class=\"elementor-element elementor-element-1b2822c image-box-style-1 icon-has-bg elementor-widget elementor-widget-mae-image-box\" data-id=\"1b2822c\" data-element_type=\"widget\" data-e-type=\"widget\" data-widget_type=\"mae-image-box.default\">\n\t\t\t\t<div class=\"elementor-widget-container\">\n\t\t\t\t\t                <div class=\"master-image-box\">\n                            <div class=\"thumb\"><div class=\"inner\"><img loading=\"lazy\" decoding=\"async\" width=\"600\" height=\"377\" src=\"https:\/\/construcciones-cma.com\/wp-content\/uploads\/2024\/02\/albanil-trabajando-arena-haciendo-paredes-al-aire-libre-1-1.jpg\" class=\"attachment-full size-full\" alt=\"\" srcset=\"https:\/\/construcciones-cma.com\/wp-content\/uploads\/2024\/02\/albanil-trabajando-arena-haciendo-paredes-al-aire-libre-1-1.jpg 600w, https:\/\/construcciones-cma.com\/wp-content\/uploads\/2024\/02\/albanil-trabajando-arena-haciendo-paredes-al-aire-libre-1-1-300x189.jpg 300w\" sizes=\"(max-width: 600px) 100vw, 600px\" \/><\/div><\/div>\n                <div class=\"content-wrap\">\n                    <h2 class=\"headline-2\"><a href=\"https:\/\/construcciones-cma.com\/en\/servicio\/single-family-and-multi-family-residential\/\">Single-family and multi-family residential <\/a><\/h2>            <div class=\"url-wrap\">\n                <a class=\"master-link  icon-right\" href=\"https:\/\/construcciones-cma.com\/en\/servicio\/single-family-and-multi-family-residential\/\">\n                                        <span>More information<\/span>\n                    <span class=\"icon ci ci-right-arrow2\"><\/span>                <\/a>\n            <\/div>\n\n                            <\/div>\n                    <\/div>\n        \t\t\t\t<\/div>\n\t\t\t\t<\/div>\n\t\t\t\t\t<\/div>\n\t\t<\/div>\n\t\t\t\t<div class=\"elementor-column elementor-col-33 elementor-inner-column elementor-element elementor-element-c210d72\" data-id=\"c210d72\" data-element_type=\"column\" data-e-type=\"column\">\n\t\t\t<div class=\"elementor-widget-wrap elementor-element-populated\">\n\t\t\t\t\t\t<div class=\"elementor-element elementor-element-7b3e97c image-box-style-1 icon-has-bg elementor-widget elementor-widget-mae-image-box\" data-id=\"7b3e97c\" data-element_type=\"widget\" data-e-type=\"widget\" data-widget_type=\"mae-image-box.default\">\n\t\t\t\t<div class=\"elementor-widget-container\">\n\t\t\t\t\t                <div class=\"master-image-box\">\n                            <div class=\"thumb\"><div class=\"inner\"><img loading=\"lazy\" decoding=\"async\" width=\"600\" height=\"400\" src=\"https:\/\/construcciones-cma.com\/wp-content\/uploads\/2024\/02\/yesero-renovando-paredes-interiores-1-1.jpg\" class=\"attachment-full size-full\" alt=\"\" srcset=\"https:\/\/construcciones-cma.com\/wp-content\/uploads\/2024\/02\/yesero-renovando-paredes-interiores-1-1.jpg 600w, https:\/\/construcciones-cma.com\/wp-content\/uploads\/2024\/02\/yesero-renovando-paredes-interiores-1-1-300x200.jpg 300w\" sizes=\"(max-width: 600px) 100vw, 600px\" \/><\/div><\/div>\n                <div class=\"content-wrap\">\n                    <h2 class=\"headline-2\"><a href=\"https:\/\/construcciones-cma.com\/en\/servicio\/constructive-restoration\/\">Constructive restoration <\/a><\/h2>            <div class=\"url-wrap\">\n                <a class=\"master-link  icon-right\" href=\"https:\/\/construcciones-cma.com\/en\/servicio\/constructive-restoration\/\">\n                                        <span>More information<\/span>\n                    <span class=\"icon ci ci-right-arrow2\"><\/span>                <\/a>\n            <\/div>\n\n                            <\/div>\n                    <\/div>\n        \t\t\t\t<\/div>\n\t\t\t\t<\/div>\n\t\t\t\t\t<\/div>\n\t\t<\/div>\n\t\t\t\t\t<\/div>\n\t\t<\/section>\n\t\t\t\t<div class=\"elementor-element elementor-element-7a5ea87 elementor-widget elementor-widget-spacer\" data-id=\"7a5ea87\" data-element_type=\"widget\" data-e-type=\"widget\" data-widget_type=\"spacer.default\">\n\t\t\t\t<div class=\"elementor-widget-container\">\n\t\t\t\t\t\t\t<div class=\"elementor-spacer\">\n\t\t\t<div class=\"elementor-spacer-inner\"><\/div>\n\t\t<\/div>\n\t\t\t\t\t\t<\/div>\n\t\t\t\t<\/div>\n\t\t\t\t\t<\/div>\n\t\t<\/div>\n\t\t\t\t\t<\/div>\n\t\t<\/section>\n\t\t\t\t<\/div>\n\t\t\n    <div class=\"xs_social_share_widget xs_share_url after_content \t\tmain_content  wslu-style-1 wslu-share-box-shaped wslu-fill-colored wslu-none wslu-share-horizontal wslu-theme-font-no wslu-main_content\">\n\n\t\t\n        <ul>\n\t\t\t        <\/ul>\n    <\/div>","protected":false},"excerpt":{"rendered":"<p>Commercial Construction and Maintenance More information Sports Facilities More information Comprehensive renovations More information Rehabilitation More information Single-family and Multi-family Residential More information Constructive restoration More information<\/p>","protected":false},"author":1,"featured_media":6246,"parent":0,"menu_order":5,"comment_status":"closed","ping_status":"closed","template":"","meta":{"inline_featured_image":false,"footnotes":""},"class_list":["post-3794","page","type-page","status-publish","has-post-thumbnail","hentry"],"yoast_head":"<!-- This site is optimized with the Yoast SEO Premium plugin v21.9 (Yoast SEO v27.1.1) - https:\/\/yoast.com\/product\/yoast-seo-premium-wordpress\/ -->\n<title>Servicios de construcci\u00f3n en Cartagena y Murcia<\/title>\n<meta name=\"robots\" content=\"index, follow, max-snippet:-1, max-image-preview:large, max-video-preview:-1\" \/>\n<link rel=\"canonical\" href=\"https:\/\/construcciones-cma.com\/en\/services\/\" \/>\n<meta property=\"og:locale\" content=\"en_GB\" \/>\n<meta property=\"og:type\" content=\"article\" \/>\n<meta property=\"og:title\" content=\"Servicios\" \/>\n<meta property=\"og:description\" content=\"Construcciones Comerciales y Mantenimientos M\u00e1s informaci\u00f3n Instalaciones Deportivas M\u00e1s informaci\u00f3n Reformas integrales M\u00e1s informaci\u00f3n Rehabilitaci\u00f3n M\u00e1s informaci\u00f3n Residencial Unifamiliar y Plurifamiliar M\u00e1s informaci\u00f3n Restauraci\u00f3n constructiva M\u00e1s informaci\u00f3n\" \/>\n<meta property=\"og:url\" content=\"https:\/\/construcciones-cma.com\/en\/services\/\" \/>\n<meta property=\"og:site_name\" content=\"Construcciones CMA Albuj\u00f3n\" \/>\n<meta property=\"article:publisher\" content=\"https:\/\/www.facebook.com\/cmaalbujon\/\" \/>\n<meta property=\"article:modified_time\" content=\"2024-02-12T15:56:23+00:00\" \/>\n<meta property=\"og:image\" content=\"https:\/\/construcciones-cma.com\/wp-content\/uploads\/2024\/02\/cropped-favicon-1.png\" \/>\n\t<meta property=\"og:image:width\" content=\"512\" \/>\n\t<meta property=\"og:image:height\" content=\"512\" \/>\n\t<meta property=\"og:image:type\" content=\"image\/png\" \/>\n<meta name=\"twitter:card\" content=\"summary_large_image\" \/>\n<meta name=\"twitter:label1\" content=\"Estimated reading time\" \/>\n\t<meta name=\"twitter:data1\" content=\"2 minutes\" \/>\n<!-- \/ Yoast SEO Premium plugin. -->","yoast_head_json":{"title":"Servicios de construcci\u00f3n en Cartagena y Murcia","robots":{"index":"index","follow":"follow","max-snippet":"max-snippet:-1","max-image-preview":"max-image-preview:large","max-video-preview":"max-video-preview:-1"},"canonical":"https:\/\/construcciones-cma.com\/en\/services\/","og_locale":"en_GB","og_type":"article","og_title":"Servicios","og_description":"Construcciones Comerciales y Mantenimientos M\u00e1s informaci\u00f3n Instalaciones Deportivas M\u00e1s informaci\u00f3n Reformas integrales M\u00e1s informaci\u00f3n Rehabilitaci\u00f3n M\u00e1s informaci\u00f3n Residencial Unifamiliar y Plurifamiliar M\u00e1s informaci\u00f3n Restauraci\u00f3n constructiva M\u00e1s informaci\u00f3n","og_url":"https:\/\/construcciones-cma.com\/en\/services\/","og_site_name":"Construcciones CMA Albuj\u00f3n","article_publisher":"https:\/\/www.facebook.com\/cmaalbujon\/","article_modified_time":"2024-02-12T15:56:23+00:00","og_image":[{"width":512,"height":512,"url":"https:\/\/construcciones-cma.com\/wp-content\/uploads\/2024\/02\/cropped-favicon-1.png","type":"image\/png"}],"twitter_card":"summary_large_image","twitter_misc":{"Estimated reading time":"2 minutes"},"schema":{"@context":"https:\/\/schema.org","@graph":[{"@type":"WebPage","@id":"https:\/\/construcciones-cma.com\/servicios\/","url":"https:\/\/construcciones-cma.com\/servicios\/","name":"Servicios de construcci\u00f3n en Cartagena y Murcia","isPartOf":{"@id":"https:\/\/construcciones-cma.com\/#website"},"primaryImageOfPage":{"@id":"https:\/\/construcciones-cma.com\/servicios\/#primaryimage"},"image":{"@id":"https:\/\/construcciones-cma.com\/servicios\/#primaryimage"},"thumbnailUrl":"https:\/\/construcciones-cma.com\/wp-content\/uploads\/2024\/02\/cropped-favicon-1.png","datePublished":"2023-07-31T14:38:03+00:00","dateModified":"2024-02-12T15:56:23+00:00","breadcrumb":{"@id":"https:\/\/construcciones-cma.com\/servicios\/#breadcrumb"},"inLanguage":"en-GB","potentialAction":[{"@type":"ReadAction","target":["https:\/\/construcciones-cma.com\/servicios\/"]}]},{"@type":"ImageObject","inLanguage":"en-GB","@id":"https:\/\/construcciones-cma.com\/servicios\/#primaryimage","url":"https:\/\/construcciones-cma.com\/wp-content\/uploads\/2024\/02\/cropped-favicon-1.png","contentUrl":"https:\/\/construcciones-cma.com\/wp-content\/uploads\/2024\/02\/cropped-favicon-1.png","width":512,"height":512},{"@type":"BreadcrumbList","@id":"https:\/\/construcciones-cma.com\/servicios\/#breadcrumb","itemListElement":[{"@type":"ListItem","position":1,"name":"Portada","item":"https:\/\/construcciones-cma.com\/"},{"@type":"ListItem","position":2,"name":"Servicios"}]},{"@type":"WebSite","@id":"https:\/\/construcciones-cma.com\/#website","url":"https:\/\/construcciones-cma.com\/","name":"Construcciones CMA Albuj\u00f3n","description":"","publisher":{"@id":"https:\/\/construcciones-cma.com\/#organization"},"potentialAction":[{"@type":"SearchAction","target":{"@type":"EntryPoint","urlTemplate":"https:\/\/construcciones-cma.com\/?s={search_term_string}"},"query-input":{"@type":"PropertyValueSpecification","valueRequired":true,"valueName":"search_term_string"}}],"inLanguage":"en-GB"},{"@type":"Organization","@id":"https:\/\/construcciones-cma.com\/#organization","name":"Construcciones CMA Albuj\u00f3n","url":"https:\/\/construcciones-cma.com\/","logo":{"@type":"ImageObject","inLanguage":"en-GB","@id":"https:\/\/construcciones-cma.com\/#\/schema\/logo\/image\/","url":"https:\/\/construcciones-cma.com\/wp-content\/uploads\/2023\/08\/LOGO-ALBUJON.svg","contentUrl":"https:\/\/construcciones-cma.com\/wp-content\/uploads\/2023\/08\/LOGO-ALBUJON.svg","width":1577,"height":600,"caption":"Construcciones CMA Albuj\u00f3n"},"image":{"@id":"https:\/\/construcciones-cma.com\/#\/schema\/logo\/image\/"},"sameAs":["https:\/\/www.facebook.com\/cmaalbujon\/","https:\/\/www.instagram.com\/cmaalbujon\/"]}]}},"_links":{"self":[{"href":"https:\/\/construcciones-cma.com\/en\/wp-json\/wp\/v2\/pages\/3794","targetHints":{"allow":["GET"]}}],"collection":[{"href":"https:\/\/construcciones-cma.com\/en\/wp-json\/wp\/v2\/pages"}],"about":[{"href":"https:\/\/construcciones-cma.com\/en\/wp-json\/wp\/v2\/types\/page"}],"author":[{"embeddable":true,"href":"https:\/\/construcciones-cma.com\/en\/wp-json\/wp\/v2\/users\/1"}],"replies":[{"embeddable":true,"href":"https:\/\/construcciones-cma.com\/en\/wp-json\/wp\/v2\/comments?post=3794"}],"version-history":[{"count":85,"href":"https:\/\/construcciones-cma.com\/en\/wp-json\/wp\/v2\/pages\/3794\/revisions"}],"predecessor-version":[{"id":6530,"href":"https:\/\/construcciones-cma.com\/en\/wp-json\/wp\/v2\/pages\/3794\/revisions\/6530"}],"wp:featuredmedia":[{"embeddable":true,"href":"https:\/\/construcciones-cma.com\/en\/wp-json\/wp\/v2\/media\/6246"}],"wp:attachment":[{"href":"https:\/\/construcciones-cma.com\/en\/wp-json\/wp\/v2\/media?parent=3794"}],"curies":[{"name":"wp","href":"https:\/\/api.w.org\/{rel}","templated":true}]}}